{"id":9,"date":"2011-03-04T13:25:44","date_gmt":"2011-03-04T13:25:44","guid":{"rendered":"http:\/\/teszt.alchimedia.hu\/wordpress\/?page_id=5"},"modified":"2021-08-09T08:56:17","modified_gmt":"2021-08-09T06:56:17","slug":"archivumaink","status":"publish","type":"page","link":"https:\/\/www.ejg.hu\/oreg\/archivumaink\/","title":{"rendered":"Arch\u00edvumok"},"content":{"rendered":"<p><img loading=\"lazy\" decoding=\"async\" src=\"http:\/\/www.ejg.hu\/oreg\/wp-content\/uploads\/archivum-fokep-e1628492172838.jpg\" alt=\"\" width=\"420\" height=\"268\" class=\"alignnone size-full wp-image-4120\" \/><br \/>\nAz iskol\u00e1nk eddigi 167 \u00e9v\u00e9r\u0151l sz\u00e1mtalan eml\u00e9k\u00fcnk maradt.<br \/>\nEbben a men\u00fcpontban igyeksz\u00fcnk \u00f6sszegy\u0171jteni \u00e9s k\u00f6zkinccs\u00e9 tenni min\u00e9l t\u00f6bbet bel\u0151l\u00fck. Minden \u00f6regdi\u00e1k seg\u00edts\u00e9g\u00e9re sz\u00e1m\u00edtunk az anyag folyamatos b\u0151v\u00edt\u00e9s\u00e9ben, az esetleges t\u00e9veszt\u00e9sek korrig\u00e1l\u00e1s\u00e1ban.<\/p>\n<p><!--\n\n\n<p style=\"text-align: left;\"><em>\u201eA k\u00f6z\u00e9piskola olyan iskolafaj, mely n\u00f6vend\u00e9keit magasabb \u00e1ltal\u00e1nos m\u00fbvelts\u00e9ghez juttatja \u00e9s ez\u00e1ltal f\u00f4iskolai tanulm\u00e1nyok sikeres elv\u00e9gz\u00e9s\u00e9re is k\u00e9pes\u00edti. Az \u00f6nzetlen szellemi k\u00e9pz\u00e9s iskol\u00e1ja, mert nem k\u00e9sz\u00edt el\u00f4 valamely meghat\u00e1rozott p\u00e1ly\u00e1ra, hanem elssorban \u00f6n\u00e1ll\u00f3 szellemi munk\u00e1ra nevel a tudom\u00e1nyos k\u00e9pz\u00e9s seg\u00edts\u00e9g\u00e9vel, s olyan lelki k\u00e9szs\u00e9geket fejleszt, hogy a tanul\u00f3 ezek birtok\u00e1ban a szakismeretek b\u00e1rmely ter\u00fclet\u00e9n otthonos tud lenni. A k\u00f6z\u00e9piskola \u00e1ltal ny\u00fajtott m\u00fbvelts\u00e9g f\u00f4leg k\u00e9t t\u00e9nyez\u00f4 eredm\u00e9ny\u00e9nek tekinthet\u00f4: az els\u00f4 az \u00f6nmag\u00e1ban is \u00e9rt\u00e9kes m\u00fbvel\u00f4d\u00e9si anyag, a m\u00e1sik pedig a lelki \u00e9let minden oldal\u00fa kim\u00fbvelts\u00e9ge, szemben a szakszer\u00fbs\u00e9ggel.\u201d\n(Fin\u00e1czy Ern\u00f4, 1933)<\/em><\/p>\n\n\n\n\n<p style=\"text-align: left;\">Az itt elt\u00f6lt\u00f6tt id\u00f4r\u00f4l sz\u00e1z \u00e9s sz\u00e1z eml\u00e9k\u00fcnk maradt. Ebben a men\u00fcpontban igyeksz\u00fcnk \u00f6sszegy\u00fbjteni \u00e9s k\u00f6zkinccs\u00e9 tenni min\u00e9l t\u00f6bbet bel\u00f4l\u00fck. Minden \u00f6regdi\u00e1k seg\u00edts\u00e9g\u00e9re sz\u00e1m\u00edtunk az anyag folyamatos b\u00f4v\u00edt\u00e9s\u00e9ben!<\/p>\n\n\n--><\/p>\n","protected":false},"excerpt":{"rendered":"<p>Az iskol\u00e1nk eddigi 167 \u00e9v\u00e9r\u0151l sz\u00e1mtalan eml\u00e9k\u00fcnk maradt. Ebben a men\u00fcpontban igyeksz\u00fcnk \u00f6sszegy\u0171jteni \u00e9s k\u00f6zkinccs\u00e9 tenni min\u00e9l t\u00f6bbet bel\u0151l\u00fck. Minden \u00f6regdi\u00e1k seg\u00edts\u00e9g\u00e9re sz\u00e1m\u00edtunk az anyag folyamatos b\u0151v\u00edt\u00e9s\u00e9ben, az esetleges t\u00e9veszt\u00e9sek korrig\u00e1l\u00e1s\u00e1ban.<\/p>\n","protected":false},"author":1,"featured_media":0,"parent":0,"menu_order":20,"comment_status":"closed","ping_status":"closed","template":"","meta":{"ngg_post_thumbnail":0,"footnotes":""},"class_list":["post-9","page","type-page","status-publish","hentry"],"_links":{"self":[{"href":"https:\/\/www.ejg.hu\/oreg\/wp-json\/wp\/v2\/pages\/9","targetHints":{"allow":["GET"]}}],"collection":[{"href":"https:\/\/www.ejg.hu\/oreg\/wp-json\/wp\/v2\/pages"}],"about":[{"href":"https:\/\/www.ejg.hu\/oreg\/wp-json\/wp\/v2\/types\/page"}],"author":[{"embeddable":true,"href":"https:\/\/www.ejg.hu\/oreg\/wp-json\/wp\/v2\/users\/1"}],"replies":[{"embeddable":true,"href":"https:\/\/www.ejg.hu\/oreg\/wp-json\/wp\/v2\/comments?post=9"}],"version-history":[{"count":19,"href":"https:\/\/www.ejg.hu\/oreg\/wp-json\/wp\/v2\/pages\/9\/revisions"}],"predecessor-version":[{"id":4138,"href":"https:\/\/www.ejg.hu\/oreg\/wp-json\/wp\/v2\/pages\/9\/revisions\/4138"}],"wp:attachment":[{"href":"https:\/\/www.ejg.hu\/oreg\/wp-json\/wp\/v2\/media?parent=9"}],"curies":[{"name":"wp","href":"https:\/\/api.w.org\/{rel}","templated":true}]}}