{"id":59,"date":"2011-03-04T14:28:59","date_gmt":"2011-03-04T14:28:59","guid":{"rendered":"http:\/\/teszt.alchimedia.hu\/wordpress\/?page_id=59"},"modified":"2026-03-25T11:11:40","modified_gmt":"2026-03-25T10:11:40","slug":"kosarasok-klubja-kosaras-talalkozok","status":"publish","type":"page","link":"https:\/\/www.ejg.hu\/oreg\/klubjaink-rendezvenyeink\/kosarasok-klubja-kosaras-talalkozok\/","title":{"rendered":"Kosaras tal\u00e1lkoz\u00f3k"},"content":{"rendered":"<p><img loading=\"lazy\" decoding=\"async\" src=\"http:\/\/www.ejg.hu\/oreg\/wp-content\/uploads\/Kepkivagas-e1628499148394.png\" alt=\"\" width=\"600\" height=\"226\" class=\"alignnone size-full wp-image-4147\" \/><br \/>\nIskol\u00e1nk sportt\u00f6rt\u00e9net\u00e9nek legn\u00e9pszer\u0171bb \u00e9s egyben legsikeresebb sport\u00e1ga a kos\u00e1rlabda. Az iskola \u00f6regdi\u00e1kjai a nyolcvanas \u00e9vek \u00f3ta visszaj\u00e1rnak sportolni az E\u00f6tv\u00f6sbe. A kosarasok k\u00fcl\u00f6n alapszab\u00e1lyt is k\u00e9sz\u00edtettek, \u00e9s l\u00e9trehozt\u00e1k az E\u00f6tv\u00f6s Gimn\u00e1zium \u00d6regdi\u00e1k kos\u00e1rlabda klubj\u00e1t.<br \/>\n2005 \u00f3ta minden \u0151sszel igyeksz\u00fcnk megszervezni a kosaras \u00f6regdi\u00e1kok tal\u00e1lkoz\u00f3j\u00e1t. Az utols\u00f3 \u00e9vekr\u0151l Fodor Istv\u00e1n \u00f6regdi\u00e1kunk (\u201eFodorpisti\u201d) k\u00e9sz\u00edtett k\u00e9p \u00e9s vide\u00f3\u00f6ssze\u00e1ll\u00edt\u00e1sokat.<\/p>\n<p><a href=\"https:\/\/www.ejg.hu\/oreg\/klubjaink-rendezvenyeink\/kosarasok-klubja-kosaras-talalkozok\/hatodik-talalkozo\/\" rel=\"noopener\" target=\"_blank\">2009. &#8211; VI. Tal\u00e1lkoz\u00f3<\/a><br \/>\n<a href=\"https:\/\/www.ejg.hu\/oreg\/klubjaink-rendezvenyeink\/kosarasok-klubja-kosaras-talalkozok\/hetedik-talalkozo\/\" rel=\"noopener\" target=\"_blank\">2010. &#8211; VII. Tal\u00e1lkoz\u00f3<\/a><br \/>\n<a href=\"https:\/\/www.ejg.hu\/oreg\/klubjaink-rendezvenyeink\/kosarasok-klubja-kosaras-talalkozok\/nyolcadik\/\" rel=\"noopener\" target=\"_blank\">2012. &#8211; VIII. Tal\u00e1lkoz\u00f3<\/a><br \/>\n<a href=\"https:\/\/www.ejg.hu\/oreg\/klubjaink-rendezvenyeink\/kosarasok-klubja-kosaras-talalkozok\/kilencedik\/\" rel=\"noopener\" target=\"_blank\">2013. &#8211; IX. Tal\u00e1lkoz\u00f3<\/a><br \/>\n<a href=\"https:\/\/www.ejg.hu\/oreg\/klubjaink-rendezvenyeink\/kosarasok-klubja-kosaras-talalkozok\/tizedik-talalkozo\/\" rel=\"noopener\" target=\"_blank\">2016. &#8211; X. Tal\u00e1lkoz\u00f3<\/a><br \/>\n<a href=\"https:\/\/www.ejg.hu\/oreg\/klubjaink-rendezvenyeink\/kosarasok-klubja-kosaras-talalkozok\/tizenegyedik-talalkozo\/\" rel=\"noopener\" target=\"_blank\">2017. &#8211; XI. Tal\u00e1lkoz\u00f3<\/a><br \/>\n<a href=\"https:\/\/www.ejg.hu\/oreg\/klubjaink-rendezvenyeink\/kosarasok-klubja-kosaras-talalkozok\/tizenkettedik-talalkozo\/\" rel=\"noopener\" target=\"_blank\">2019. &#8211; XII. Tal\u00e1lkoz\u00f3<\/a><br \/>\n<a href=\"https:\/\/www.ejg.hu\/oreg\/klubjaink-rendezvenyeink\/kosarasok-klubja-kosaras-talalkozok\/tizenharmadik-talalkozo\/\" rel=\"noopener\" target=\"_blank\">2023. &#8211; XIII. Tal\u00e1lkoz\u00f3<\/a><br \/>\n<a href=\"https:\/\/www.ejg.hu\/oreg\/klubjaink-rendezvenyeink\/kosarasok-klubja-kosaras-talalkozok\/xiv-talalkozo\/\" rel=\"noopener\" target=\"_blank\">2024. &#8211; XIV. Tal\u00e1lkoz\u00f3<\/a><br \/>\n<a href=\"https:\/\/www.ejg.hu\/oreg\/klubjaink-rendezvenyeink\/kosarasok-klubja-kosaras-talalkozok\/xv-talalkozo\/\" rel=\"noopener\" target=\"_blank\">2025. &#8211; XV. Tal\u00e1lkoz\u00f3<\/a><br \/>\n<a href=\"https:\/\/www.ejg.hu\/oreg\/klubjaink-rendezvenyeink\/kosarasok-klubja-kosaras-talalkozok\/xvi-talalkozo\/\" rel=\"noopener\" target=\"_blank\">2026. &#8211; XVI. Tal\u00e1lkoz\u00f3<\/a><\/p>\n<p><!--\n<em>\u201eA harmincas \u00e9vek k\u00f6zep\u00e9n felt\u0171nt egy addig a mi iskol\u00e1nkban viszonylag ismeretlen sport\u00e1g, a kos\u00e1rlabda. Ez a teremben legink\u00e1bb \u0171zhet\u0151 rendk\u00edv\u00fcl gyors, dinamikus \u00e9s \u00f6tletes j\u00e1t\u00e9k ugr\u00e1sszer\u0171 n\u00e9pszer\u0171s\u00e9gre tett szert, \u00e9s mint l\u00e1tni fogjuk, az \u00fasz\u00e1s mellett a legeredm\u00e9nyesebben \u0171z\u00f6tt sport\u00e1ga lett az E\u00f6tv\u00f6s di\u00e1koknak, oly annyira, hogy a hatvanas \u00e9vekt\u0151l egyeduralkod\u00f3v\u00e1 v\u00e1lt iskol\u00e1nkban.\u201d (Sent\u00e9nyi Barna \u00f6regdi\u00e1kunk)<\/em>\n\n[wpfilebase tag=file id=476 tpl=pdflink]\n--><\/p>\n","protected":false},"excerpt":{"rendered":"<p>Iskol\u00e1nk sportt\u00f6rt\u00e9net\u00e9nek legn\u00e9pszer\u0171bb \u00e9s egyben legsikeresebb sport\u00e1ga a kos\u00e1rlabda. Az iskola \u00f6regdi\u00e1kjai a nyolcvanas \u00e9vek \u00f3ta visszaj\u00e1rnak sportolni az E\u00f6tv\u00f6sbe. A kosarasok k\u00fcl\u00f6n alapszab\u00e1lyt is k\u00e9sz\u00edtettek, \u00e9s l\u00e9trehozt\u00e1k az E\u00f6tv\u00f6s Gimn\u00e1zium \u00d6regdi\u00e1k kos\u00e1rlabda klubj\u00e1t. 2005 \u00f3ta minden \u0151sszel igyeksz\u00fcnk megszervezni a kosaras \u00f6regdi\u00e1kok tal\u00e1lkoz\u00f3j\u00e1t. Az utols\u00f3 \u00e9vekr\u0151l Fodor Istv\u00e1n \u00f6regdi\u00e1kunk (\u201eFodorpisti\u201d) k\u00e9sz\u00edtett k\u00e9p \u00e9s vide\u00f3\u00f6ssze\u00e1ll\u00edt\u00e1sokat. [&hellip;]<\/p>\n","protected":false},"author":1,"featured_media":0,"parent":10,"menu_order":33,"comment_status":"closed","ping_status":"closed","template":"","meta":{"ngg_post_thumbnail":0,"footnotes":""},"class_list":["post-59","page","type-page","status-publish","hentry"],"_links":{"self":[{"href":"https:\/\/www.ejg.hu\/oreg\/wp-json\/wp\/v2\/pages\/59","targetHints":{"allow":["GET"]}}],"collection":[{"href":"https:\/\/www.ejg.hu\/oreg\/wp-json\/wp\/v2\/pages"}],"about":[{"href":"https:\/\/www.ejg.hu\/oreg\/wp-json\/wp\/v2\/types\/page"}],"author":[{"embeddable":true,"href":"https:\/\/www.ejg.hu\/oreg\/wp-json\/wp\/v2\/users\/1"}],"replies":[{"embeddable":true,"href":"https:\/\/www.ejg.hu\/oreg\/wp-json\/wp\/v2\/comments?post=59"}],"version-history":[{"count":28,"href":"https:\/\/www.ejg.hu\/oreg\/wp-json\/wp\/v2\/pages\/59\/revisions"}],"predecessor-version":[{"id":4624,"href":"https:\/\/www.ejg.hu\/oreg\/wp-json\/wp\/v2\/pages\/59\/revisions\/4624"}],"up":[{"embeddable":true,"href":"https:\/\/www.ejg.hu\/oreg\/wp-json\/wp\/v2\/pages\/10"}],"wp:attachment":[{"href":"https:\/\/www.ejg.hu\/oreg\/wp-json\/wp\/v2\/media?parent=59"}],"curies":[{"name":"wp","href":"https:\/\/api.w.org\/{rel}","templated":true}]}}