{"id":490,"date":"2011-08-16T01:11:40","date_gmt":"2011-08-15T22:11:40","guid":{"rendered":"http:\/\/www.ejg.hu\/oreg\/?page_id=490"},"modified":"2023-03-06T09:24:41","modified_gmt":"2023-03-06T08:24:41","slug":"hetedik-talalkozo","status":"publish","type":"page","link":"https:\/\/www.ejg.hu\/oreg\/klubjaink-rendezvenyeink\/kosarasok-klubja-kosaras-talalkozok\/hetedik-talalkozo\/","title":{"rendered":"VII. Tal\u00e1lkoz\u00f3"},"content":{"rendered":"<p>Audivizu\u00e1lis eml\u00e9kk\u00f6nyv a hetedik tal\u00e1lkoz\u00f3r\u00f3l:<\/p>\n<p><iframe width=\"480\" height=\"270\"\nsrc=\"https:\/\/www.youtube.com\/embed\/CYWfo9Actfc\" title=\"YouTube video\nplayer\" frameborder=\"0\" allow=\"accelerometer; autoplay; clipboard-write;\nencrypted-media; gyroscope; picture-in-picture; web-share\"\nallowfullscreen><\/iframe><\/p>\n<p>K\u00f6sz\u00f6net \u00e9rte Fodorpistinek!<\/em><\/p>\n","protected":false},"excerpt":{"rendered":"<p>Audivizu\u00e1lis eml\u00e9kk\u00f6nyv a hetedik tal\u00e1lkoz\u00f3r\u00f3l: K\u00f6sz\u00f6net \u00e9rte Fodorpistinek!<\/p>\n","protected":false},"author":1,"featured_media":0,"parent":59,"menu_order":7,"comment_status":"closed","ping_status":"closed","template":"","meta":{"ngg_post_thumbnail":0,"footnotes":""},"class_list":["post-490","page","type-page","status-publish","hentry"],"_links":{"self":[{"href":"https:\/\/www.ejg.hu\/oreg\/wp-json\/wp\/v2\/pages\/490","targetHints":{"allow":["GET"]}}],"collection":[{"href":"https:\/\/www.ejg.hu\/oreg\/wp-json\/wp\/v2\/pages"}],"about":[{"href":"https:\/\/www.ejg.hu\/oreg\/wp-json\/wp\/v2\/types\/page"}],"author":[{"embeddable":true,"href":"https:\/\/www.ejg.hu\/oreg\/wp-json\/wp\/v2\/users\/1"}],"replies":[{"embeddable":true,"href":"https:\/\/www.ejg.hu\/oreg\/wp-json\/wp\/v2\/comments?post=490"}],"version-history":[{"count":18,"href":"https:\/\/www.ejg.hu\/oreg\/wp-json\/wp\/v2\/pages\/490\/revisions"}],"predecessor-version":[{"id":4481,"href":"https:\/\/www.ejg.hu\/oreg\/wp-json\/wp\/v2\/pages\/490\/revisions\/4481"}],"up":[{"embeddable":true,"href":"https:\/\/www.ejg.hu\/oreg\/wp-json\/wp\/v2\/pages\/59"}],"wp:attachment":[{"href":"https:\/\/www.ejg.hu\/oreg\/wp-json\/wp\/v2\/media?parent=490"}],"curies":[{"name":"wp","href":"https:\/\/api.w.org\/{rel}","templated":true}]}}