{"id":45,"date":"2011-03-04T14:20:51","date_gmt":"2011-03-04T11:20:51","guid":{"rendered":"http:\/\/teszt.alchimedia.hu\/wordpress\/?page_id=45"},"modified":"2021-08-05T16:31:20","modified_gmt":"2021-08-05T14:31:20","slug":"tanaraink","status":"publish","type":"page","link":"https:\/\/www.ejg.hu\/oreg\/archivumaink\/tanaraink\/","title":{"rendered":"Tan\u00e1rok"},"content":{"rendered":"<p><img loading=\"lazy\" decoding=\"async\" src=\"http:\/\/www.ejg.hu\/oreg\/wp-content\/uploads\/tanarok-fokep1-e1628159105583.jpg\" alt=\"\" width=\"600\" height=\"396\" class=\"alignnone size-full wp-image-4067\" \/><!--\n<em>\u201eA tan\u00e1rs\u00e1g mint embercsoport \u00e9pp\u00fagy megoszlik, mint az emberek: vannak nagyszer\u0171ek \u00e9s van alja. A pedag\u00f3gus sz\u00f3 ennek ellen\u00e9re els\u0151 hall\u00e1sra szimpatikusnak t\u0171nik, s\u0151t \u2013 nagyon elvontan alkalmazva \u2013 lelkes\u00fcl\u00e9st v\u00e1lt ki bel\u0151lem, gondolv\u00e1n a mester \u00e9s tan\u00edtv\u00e1ny viszony\u00e1ra, hol a mester nem \u00e9rdektelen bl\u00f6ff\u00f6ket fejbe t\u00f6lcs\u00e9rez\u0151 hivatalnok a tan\u00edtv\u00e1ny szem\u00e9ben, hanem titokzatos \u00e9s gy\u00f6ny\u00f6r\u0171 tanok, eszm\u00e9k birtok\u00e1ban l\u00e9v\u0151 szeretetrem\u00e9lt\u00f3 p\u00e9ldak\u00e9p.\u201d (di\u00e1kv\u00e9lem\u00e9ny a tan\u00e1rokr\u00f3l 1963-b\u00f3l)<\/em>\n\nAz itt tal\u00e1lhat\u00f3 almen\u00fcpontokban megtal\u00e1lhat\u00f3ak egyr\u00e9szt az \u00f6sszes iskol\u00e1nkban valaha m\u0171k\u00f6d\u00f6tt vagy jelenleg is itt tan\u00edt\u00f3 tan\u00e1runk, m\u00e1sr\u00e9szt a k\u00f6z\u00e9letben is h\u00edress\u00e9 v\u00e1lt oktat\u00f3ink.\n\nAz igazgat\u00f3k munk\u00e1ss\u00e1g\u00e1nak\u00a0bemutat\u00e1sa az <a href=\"http:\/\/www.ejg.hu\/iskolatortenet\/igazgatok\/\">iskolai honlapon<\/a> tal\u00e1lhat\u00f3 meg!\n--><\/p>\n","protected":false},"excerpt":{"rendered":"","protected":false},"author":1,"featured_media":0,"parent":9,"menu_order":22,"comment_status":"closed","ping_status":"closed","template":"","meta":{"ngg_post_thumbnail":0,"footnotes":""},"class_list":["post-45","page","type-page","status-publish","hentry"],"_links":{"self":[{"href":"https:\/\/www.ejg.hu\/oreg\/wp-json\/wp\/v2\/pages\/45","targetHints":{"allow":["GET"]}}],"collection":[{"href":"https:\/\/www.ejg.hu\/oreg\/wp-json\/wp\/v2\/pages"}],"about":[{"href":"https:\/\/www.ejg.hu\/oreg\/wp-json\/wp\/v2\/types\/page"}],"author":[{"embeddable":true,"href":"https:\/\/www.ejg.hu\/oreg\/wp-json\/wp\/v2\/users\/1"}],"replies":[{"embeddable":true,"href":"https:\/\/www.ejg.hu\/oreg\/wp-json\/wp\/v2\/comments?post=45"}],"version-history":[{"count":17,"href":"https:\/\/www.ejg.hu\/oreg\/wp-json\/wp\/v2\/pages\/45\/revisions"}],"predecessor-version":[{"id":4093,"href":"https:\/\/www.ejg.hu\/oreg\/wp-json\/wp\/v2\/pages\/45\/revisions\/4093"}],"up":[{"embeddable":true,"href":"https:\/\/www.ejg.hu\/oreg\/wp-json\/wp\/v2\/pages\/9"}],"wp:attachment":[{"href":"https:\/\/www.ejg.hu\/oreg\/wp-json\/wp\/v2\/media?parent=45"}],"curies":[{"name":"wp","href":"https:\/\/api.w.org\/{rel}","templated":true}]}}