{"id":43,"date":"2011-03-04T14:20:01","date_gmt":"2011-03-04T14:20:01","guid":{"rendered":"http:\/\/teszt.alchimedia.hu\/wordpress\/?page_id=43"},"modified":"2026-03-02T14:22:51","modified_gmt":"2026-03-02T13:22:51","slug":"eotvos-diakujsagunk","status":"publish","type":"page","link":"https:\/\/www.ejg.hu\/oreg\/archivumaink\/eotvos-diakujsagunk\/","title":{"rendered":"E\u00f6tv\u00f6s Di\u00e1k \u00fajs\u00e1g"},"content":{"rendered":"<div style=\"float: left; margin-right: 10px;\"><img loading=\"lazy\" decoding=\"async\" class=\"alignnone size-full wp-image-4099\" src=\"http:\/\/www.ejg.hu\/oreg\/wp-content\/uploads\/ujsag1-page-001-e1628496118685.jpg\" alt=\"\" width=\"212\" height=\"300\"><\/div>\n<p>1930 \u00f3ta megjelen\u0151 iskolai \u00fajs\u00e1gunk majd minden sz\u00e1ma megvan, de hi\u00e1nyozhatnak is p\u00e9ld\u00e1nyok.<br \/>\nAkinek van itt nem tal\u00e1lhat\u00f3 \u00fajs\u00e1gja, k\u00e9rj\u00fck, jelezze!<br \/>\n<a href=\"mailto:oregdiak@e5vos.hu\" target=\"_blank\">oregdiak@e5vos.hu<\/a><\/p>\n<p><a href=\"https:\/\/www.ejg.hu\/oreg\/archivumaink\/eotvos-diakujsagunk\/1960-as-evek\/\" target=\"_blank\" rel=\"noopener\">1960-as \u00e9vek<\/a><br \/>\n<a href=\"https:\/\/www.ejg.hu\/oreg\/archivumaink\/eotvos-diakujsagunk\/1970-es-evek\/\" target=\"_blank\" rel=\"noopener\">1970-es \u00e9vek<\/a><br \/>\n<a href=\"https:\/\/www.ejg.hu\/oreg\/archivumaink\/eotvos-diakujsagunk\/1980-as-evek\/\" target=\"_blank\" rel=\"noopener\">1980-as \u00e9vek<\/a><br \/>\n<a href=\"https:\/\/www.ejg.hu\/oreg\/archivumaink\/eotvos-diakujsagunk\/1990-es-evek\/\" target=\"_blank\" rel=\"noopener\">1990-es \u00e9vek<\/a><br \/>\n<!--\n[dflip id=\"4050\" ][\/dflip]\n\n<em>\u201eKis lap kopogtat az E\u00f6tv\u00f6s di\u00e1k ajtaj\u00e1n! Bocs\u00e1ss\u00e1tok be! Fogadj\u00e1tok sz\u00edvesen, \u00f6r\u00f6mmel, szeretettel! Hiszen h\u00fas a ti h\u00fasotokb\u00f3l, v\u00e9r a ti v\u00e9retekb\u0151l. A ti \u00e9letetek egyik leg\u00e9rdekesebb, legkedvesebb szakasz\u00e1t ismerteti. A ti vil\u00e1gotoknak vir\u00e1gait gy\u0171jti bokr\u00e9t\u00e1ba. Az E\u00f6tv\u00f6sdi\u00e1k \u00fajs\u00e1g iskol\u00e1nk bels\u0151 \u00e9let\u00e9t, sok, apr\u00f3 jelens\u00e9g\u00e9t \u00edrja le. \u0150 ami kis b\u00e1ny\u00e1szunk, aki napvil\u00e1gra hozza elrejtett kincseinket, hogy mindenki l\u00e1ssa, b\u00e1mulja \u00e9s gy\u00f6ny\u00f6rk\u00f6dj\u00e9k benne. Az egyform\u00e1n sz\u00fcrk\u00e9nek l\u00e1tsz\u00f3 iskolai napokra reflektork\u00e9nt vil\u00e1g\u00edt r\u00e1. \u2026 Az E\u00f6tv\u00f6sdi\u00e1k nemcsak egyszer\u0171 h\u00edrad\u00f3, hanem ellen\u0151rz\u0151, \u0151rt\u00e1ll\u00f3 katona a posztj\u00e1n, aki serkent, buzd\u00edt, lelkes\u00edt. Az iskolai szellemet nemcsak bemutatja, hanem azt fenntartja, fejleszti \u00e9s tov\u00e1bb sz\u00e1rmaztatja a j\u00f6v\u0151 nemzed\u00e9kre.\u201d (Igazgat\u00f3nk, Er\u0151di K\u00e1lm\u00e1n bevezet\u0151je az 1930-as els\u0151 sz\u00e1mban)<\/em>\n--><\/p>\n","protected":false},"excerpt":{"rendered":"<p>1930 \u00f3ta megjelen\u0151 iskolai \u00fajs\u00e1gunk majd minden sz\u00e1ma megvan, de hi\u00e1nyozhatnak is p\u00e9ld\u00e1nyok. Akinek van itt nem tal\u00e1lhat\u00f3 \u00fajs\u00e1gja, k\u00e9rj\u00fck, jelezze! oregdiak@e5vos.hu 1960-as \u00e9vek 1970-es \u00e9vek 1980-as \u00e9vek 1990-es \u00e9vek<\/p>\n","protected":false},"author":1,"featured_media":0,"parent":9,"menu_order":25,"comment_status":"closed","ping_status":"closed","template":"","meta":{"ngg_post_thumbnail":0,"footnotes":""},"class_list":["post-43","page","type-page","status-publish","hentry"],"_links":{"self":[{"href":"https:\/\/www.ejg.hu\/oreg\/wp-json\/wp\/v2\/pages\/43","targetHints":{"allow":["GET"]}}],"collection":[{"href":"https:\/\/www.ejg.hu\/oreg\/wp-json\/wp\/v2\/pages"}],"about":[{"href":"https:\/\/www.ejg.hu\/oreg\/wp-json\/wp\/v2\/types\/page"}],"author":[{"embeddable":true,"href":"https:\/\/www.ejg.hu\/oreg\/wp-json\/wp\/v2\/users\/1"}],"replies":[{"embeddable":true,"href":"https:\/\/www.ejg.hu\/oreg\/wp-json\/wp\/v2\/comments?post=43"}],"version-history":[{"count":24,"href":"https:\/\/www.ejg.hu\/oreg\/wp-json\/wp\/v2\/pages\/43\/revisions"}],"predecessor-version":[{"id":4613,"href":"https:\/\/www.ejg.hu\/oreg\/wp-json\/wp\/v2\/pages\/43\/revisions\/4613"}],"up":[{"embeddable":true,"href":"https:\/\/www.ejg.hu\/oreg\/wp-json\/wp\/v2\/pages\/9"}],"wp:attachment":[{"href":"https:\/\/www.ejg.hu\/oreg\/wp-json\/wp\/v2\/media?parent=43"}],"curies":[{"name":"wp","href":"https:\/\/api.w.org\/{rel}","templated":true}]}}