{"id":37,"date":"2011-03-04T14:17:37","date_gmt":"2011-03-04T11:17:37","guid":{"rendered":"http:\/\/teszt.alchimedia.hu\/wordpress\/?page_id=37"},"modified":"2021-08-09T10:00:35","modified_gmt":"2021-08-09T08:00:35","slug":"tabloink","status":"publish","type":"page","link":"https:\/\/www.ejg.hu\/oreg\/archivumaink\/tabloink\/","title":{"rendered":"Tabl\u00f3k"},"content":{"rendered":"<div style=\"float: left; margin-right: 10px;\"><a href=\"http:\/\/www.ejg.hu\/oreg\/archivumaink\/tabloink\/idorend\/\"><img loading=\"lazy\" decoding=\"async\" src=\"http:\/\/www.ejg.hu\/oreg\/wp-content\/uploads\/tablo2008a-300x218.jpg\" alt=\"\" width=\"300\" height=\"218\" class=\"alignnone size-medium wp-image-4087\" \/><\/a><\/div>\n<p>A k\u00f6vetkez\u0151 oldalakon a meglev\u0151 tabl\u00f3inkat gy\u0171jt\u00f6tt\u00fck \u00f6ssze. K\u00e9r\u00fcnk mindenkit, amennyiben nem tal\u00e1lja a saj\u00e1tj\u00e1t, de meg tudja szerezni, legyen sz\u00edves juttassa el hozz\u00e1nk lehet\u0151leg nagy felbont\u00e1s\u00fa form\u00e1tumban. <a href=\"mailto:oregdiak@e5vos.hu\" rel=\"noopener\" target=\"_blank\">oregdiak@e5vos.hu<\/a><br \/>\n<!--\n<em>\u201eEgy iskola arculat\u00e1t alapvet\u0151en meghat\u00e1rozz\u00e1k a falakon f\u00fcgg\u0151 tabl\u00f3k. Sokas\u00e1guk megmutatja azt, hogy az iskola mennyire tartja fontosnak v\u00e9gzett di\u00e1kjait, sz\u00edness\u00e9g\u00fck pedig azt, hogy ezek a di\u00e1kok mennyire szerett\u00e9k iskol\u00e1jukat, oszt\u00e1lyukat, mennyire b\u00fcszk\u00e9k az itt elt\u00f6lt\u00f6tt id\u0151szakra. Szinte vigy\u00e1znak az idej\u00e1r\u00f3kra, mintegy figyelmezetve \u0151ket: Sose feledj\u00e9tek az itt elt\u00f6lt\u00f6tt \u00e9veiteket!\u201d (\u00f6regdi\u00e1kunk visszaeml\u00e9kez\u00e9se 1979-b\u0151l)<\/em>\n<a href=\"http:\/\/www.ejg.hu\/oreg\/archivumaink\/tabloink\/idorend\/\"><img loading=\"lazy\" decoding=\"async\" src=\"http:\/\/www.ejg.hu\/oreg\/wp-content\/uploads\/tablo2008a-e1628173361227.jpg\" alt=\"\" width=\"600\" height=\"436\" class=\"alignnone size-full wp-image-4087\" \/><\/a>\n--><\/p>\n","protected":false},"excerpt":{"rendered":"<p>A k\u00f6vetkez\u0151 oldalakon a meglev\u0151 tabl\u00f3inkat gy\u0171jt\u00f6tt\u00fck \u00f6ssze. K\u00e9r\u00fcnk mindenkit, amennyiben nem tal\u00e1lja a saj\u00e1tj\u00e1t, de meg tudja szerezni, legyen sz\u00edves juttassa el hozz\u00e1nk lehet\u0151leg nagy felbont\u00e1s\u00fa form\u00e1tumban. oregdiak@e5vos.hu<\/p>\n","protected":false},"author":1,"featured_media":0,"parent":9,"menu_order":23,"comment_status":"closed","ping_status":"closed","template":"","meta":{"ngg_post_thumbnail":0,"footnotes":""},"class_list":["post-37","page","type-page","status-publish","hentry"],"_links":{"self":[{"href":"https:\/\/www.ejg.hu\/oreg\/wp-json\/wp\/v2\/pages\/37","targetHints":{"allow":["GET"]}}],"collection":[{"href":"https:\/\/www.ejg.hu\/oreg\/wp-json\/wp\/v2\/pages"}],"about":[{"href":"https:\/\/www.ejg.hu\/oreg\/wp-json\/wp\/v2\/types\/page"}],"author":[{"embeddable":true,"href":"https:\/\/www.ejg.hu\/oreg\/wp-json\/wp\/v2\/users\/1"}],"replies":[{"embeddable":true,"href":"https:\/\/www.ejg.hu\/oreg\/wp-json\/wp\/v2\/comments?post=37"}],"version-history":[{"count":15,"href":"https:\/\/www.ejg.hu\/oreg\/wp-json\/wp\/v2\/pages\/37\/revisions"}],"predecessor-version":[{"id":4143,"href":"https:\/\/www.ejg.hu\/oreg\/wp-json\/wp\/v2\/pages\/37\/revisions\/4143"}],"up":[{"embeddable":true,"href":"https:\/\/www.ejg.hu\/oreg\/wp-json\/wp\/v2\/pages\/9"}],"wp:attachment":[{"href":"https:\/\/www.ejg.hu\/oreg\/wp-json\/wp\/v2\/media?parent=37"}],"curies":[{"name":"wp","href":"https:\/\/api.w.org\/{rel}","templated":true}]}}