{"id":2938,"date":"2016-02-12T13:42:28","date_gmt":"2016-02-12T10:42:28","guid":{"rendered":"http:\/\/www.ejg.hu\/oreg\/?page_id=2938"},"modified":"2016-02-12T14:03:07","modified_gmt":"2016-02-12T11:03:07","slug":"eotvos-oregdiakok","status":"publish","type":"page","link":"https:\/\/www.ejg.hu\/oreg\/","title":{"rendered":"E\u00f6tv\u00f6s \u00d6regdi\u00e1kok"},"content":{"rendered":"<p><em>\u201eMindaz, ami az int\u00e9zetben szerzett benyom\u00e1sainkb\u00f3l lelk\u00fcnkben, eml\u00e9kezet\u00fcnkben megmaradt, az id\u0151k folyam\u00e1n mindig jobban tisztul \u00e9s nemesedik. Azok a minden di\u00e1k \u00e9let\u00e9ben elmaradhatatlan kellemetlen eml\u00e9kek mindink\u00e1bb elhom\u00e1lyosodnak, h\u00e1tt\u00e9rbe nyomulnak \u00e9s a kellemesek, a j\u00f3k a visszaeml\u00e9kez\u00e9s t\u00fckr\u00e9ben mindink\u00e1bb szebbnek l\u00e1tszanak. \u2026 A mi lelk\u00fcnkbe a belv\u00e1rosi re\u00e1liskola m\u00e9lyen bele van v\u00e9sve.&#8221;<\/em><\/p>\n","protected":false},"excerpt":{"rendered":"<p>\u201eMindaz, ami az int\u00e9zetben szerzett benyom\u00e1sainkb\u00f3l lelk\u00fcnkben, eml\u00e9kezet\u00fcnkben megmaradt, az id\u0151k folyam\u00e1n mindig jobban tisztul \u00e9s nemesedik. Azok a minden di\u00e1k \u00e9let\u00e9ben elmaradhatatlan kellemetlen eml\u00e9kek mindink\u00e1bb elhom\u00e1lyosodnak, h\u00e1tt\u00e9rbe nyomulnak \u00e9s a kellemesek, a j\u00f3k a visszaeml\u00e9kez\u00e9s t\u00fckr\u00e9ben mindink\u00e1bb szebbnek l\u00e1tszanak. \u2026 A mi lelk\u00fcnkbe a belv\u00e1rosi re\u00e1liskola m\u00e9lyen bele van v\u00e9sve.&#8221;<\/p>\n","protected":false},"author":5,"featured_media":0,"parent":0,"menu_order":5,"comment_status":"closed","ping_status":"closed","template":"","meta":{"ngg_post_thumbnail":0,"footnotes":""},"class_list":["post-2938","page","type-page","status-publish","hentry"],"_links":{"self":[{"href":"https:\/\/www.ejg.hu\/oreg\/wp-json\/wp\/v2\/pages\/2938","targetHints":{"allow":["GET"]}}],"collection":[{"href":"https:\/\/www.ejg.hu\/oreg\/wp-json\/wp\/v2\/pages"}],"about":[{"href":"https:\/\/www.ejg.hu\/oreg\/wp-json\/wp\/v2\/types\/page"}],"author":[{"embeddable":true,"href":"https:\/\/www.ejg.hu\/oreg\/wp-json\/wp\/v2\/users\/5"}],"replies":[{"embeddable":true,"href":"https:\/\/www.ejg.hu\/oreg\/wp-json\/wp\/v2\/comments?post=2938"}],"version-history":[{"count":3,"href":"https:\/\/www.ejg.hu\/oreg\/wp-json\/wp\/v2\/pages\/2938\/revisions"}],"predecessor-version":[{"id":2942,"href":"https:\/\/www.ejg.hu\/oreg\/wp-json\/wp\/v2\/pages\/2938\/revisions\/2942"}],"wp:attachment":[{"href":"https:\/\/www.ejg.hu\/oreg\/wp-json\/wp\/v2\/media?parent=2938"}],"curies":[{"name":"wp","href":"https:\/\/api.w.org\/{rel}","templated":true}]}}