{"id":2931,"date":"2016-02-12T13:31:45","date_gmt":"2016-02-12T10:31:45","guid":{"rendered":"http:\/\/www.ejg.hu\/oreg\/?page_id=2931"},"modified":"2021-08-05T12:41:36","modified_gmt":"2021-08-05T10:41:36","slug":"szervezok","status":"publish","type":"page","link":"https:\/\/www.ejg.hu\/oreg\/szervezok\/","title":{"rendered":"Szervez\u00e9s"},"content":{"rendered":"<div style=\"float: left; margin-right: 15px;\"><img loading=\"lazy\" decoding=\"async\" class=\"alignnone size-full wp-image-4058\" src=\"http:\/\/www.ejg.hu\/oreg\/wp-content\/uploads\/Alpar_Ignac_c_1905-e1628157025467.jpg\" alt=\"\" width=\"160\" height=\"233\">&nbsp; &nbsp; &nbsp;<\/div>\n<p>1905-ben <strong>Alp\u00e1r Ign\u00e1c<\/strong> \u00e9p\u00edt\u00e9sz \u00f6regdi\u00e1kunk javaslat\u00e1ra l\u00e9trej\u00f6tt iskol\u00e1nk v\u00e9gzett di\u00e1kokat t\u00f6m\u00f6r\u00edt\u0151 szervezete.<br \/>\nA szervezet c\u00e9ljai a kezdetekt\u0151l a k\u00f6vetkez\u0151k voltak:<\/p>\n<ul>\n<li>Az iskola t\u00e1mogat\u00e1sa \u00e9s seg\u00edt\u00e9se<\/li>\n<li>Kapcsolati h\u00e1l\u00f3 ki\u00e9p\u00edt\u00e9se, bar\u00e1ti kapcsolatok megtart\u00e1sa<\/li>\n<li>V\u00e9gzettek egym\u00e1st seg\u00edt\u00e9se<\/li>\n<li>Esem\u00e9nyek szervez\u00e9se<\/li>\n<\/ul>\n<p>Ezeket a c\u00e9lokat a mai napig alapvet\u0151en fontosnak tartjuk. Az \u201eE\u00f6tv\u00f6s-maffia\u201d rendk\u00edv\u00fcl m\u0171k\u00f6d\u0151k\u00e9pes, de csak akkor, ha nagyon sokan hisz\u00fcnk benne.<\/p>\n<p><!-- Az 1905. janu\u00e1r 21-\u00e9n este a Vigad\u00f3ban tartott f\u00e9l\u00e9vsz\u00e1zados d\u00edsz\u00fcnneps\u00e9gen Alp\u00e1r Ign\u00e1c m\u0171\u00e9p\u00edt\u00e9sz, a re\u00e1liskola volt tan\u00edtv\u00e1nya bejelentette, hogy megalakult a volt tan\u00edtv\u00e1nyok egyes\u00fclete, amelynek c\u00e9lja\n\n\n<blockquote><em>\"az \u00e9letben is \u00f6sszet\u00f6m\u00f6r\u00edteni a re\u00e1liskola tanul\u00f3it\"<\/em><\/blockquote>\n\n\nAz \u00f6regdi\u00e1k szervezet\u00fcnk teh\u00e1t t\u00f6bb mint 100 esztend\u0151s, \u00e9s mindv\u00e9gig c\u00e9lj\u00e1nak tartotta a v\u00e9gzettek kapcsolattart\u00e1s\u00e1t, az iskola \u00e9s egym\u00e1s seg\u00edt\u00e9s\u00e9t.\nAz id\u0151k folyam\u00e1n az egyes\u00fclet t\u00f6bbsz\u00f6r is k\u00e9nytelen volt megszak\u00edtani tev\u00e9kenys\u00e9g\u00e9t, de amikor m\u0171k\u00f6d\u00f6tt, h\u0171 maradt az eredeti szellemis\u00e9ghez.\nA hagyom\u00e1nyos form\u00e1kat \u2013 \u00e9venk\u00e9nti k\u00f6zgy\u0171l\u00e9s, nagy l\u00e9tsz\u00e1m\u00fa v\u00e1lasztm\u00e1ny \u2013 manaps\u00e1g m\u00e1r nem tartja az egyes\u00fclet, de a kor \u00e1ltal lehet\u0151v\u00e9 tett modern form\u00e1kat (honlap, k\u00f6tlevelek, facebook) ann\u00e1l ink\u00e1bb igyekszik felhaszn\u00e1lni a hat\u00e9kony m\u0171k\u00f6d\u00e9sben.\nIgaz\u00e1n sikeresek akkor lehet\u00fcnk, ha mindenki megteszi a saj\u00e1t kis k\u00f6rein bel\u00fck azt, hogy figyel a sz\u00e1m\u00e1ra el\u00e9rhet\u0151 \u00f6regdi\u00e1k t\u00e1rsakra, \u00e9rtes\u00edti \u0151ket a szervezet esem\u00e9nyeir\u0151l.\n\nC\u00e9lunk, hogy a mai kornak megfelel\u0151v\u00e9 tegy\u00fck a gimn\u00e1ziumunk \u00e9s \u00f6regdi\u00e1kjaink kapcsolat\u00e1nak fenttart\u00e1s\u00e1t. Mindenk\u00e9ppen l\u00e9tre kell hoznunk egy olyan h\u00e1l\u00f3zatot, melyben minden oszt\u00e1lyt egy vagy k\u00e9t kapcsolattart\u00f3 tart \u00f6ssze. Pontosabban csak azokat az oszt\u00e1lyt\u00e1rsakat, akikben van hajland\u00f3s\u00e1g az iskol\u00e1val val\u00f3 kapcsolat meg\u0151rz\u00e9s\u00e9re. Nem feladatunk teh\u00e1t az, hogy mindenkit meggy\u0151zz\u00fcnk arr\u00f3l, hogy milyen j\u00f3l \u00e9rezte mag\u00e1t az iskol\u00e1ban, hanem csak az \u00f6nk\u00e9nt \u00e9rdekl\u0151d\u0151ket kell helyzetbe hoznunk, vagyis eljuttatnunk hozz\u00e1juk az inform\u00e1ci\u00f3kat. Manaps\u00e1g a szervez\u00e9s leghat\u00e9konyabb form\u00e1ja az elektronikus kapcsolattart\u00e1s, ez\u00e9rt c\u00e9lunk ennek maxim\u00e1lis kihaszn\u00e1l\u00e1sa. Amennyiben l\u00e9trej\u00f6n a h\u00e1l\u00f3zat, el\u00e9g lesz a k\u00e9pvisel\u0151k \u00e9rtes\u00edt\u00e9se, akik tov\u00e1bbadhatj\u00e1k az inform\u00e1ci\u00f3kat. A k\u00e9pvisel\u0151k egyik feladata az oszt\u00e1lyt\u00e1rsak el\u00e9r\u00e9se, a figyelm\u00fck felh\u00edv\u00e1sa az \u00f6regdi\u00e1k honlapra, \u00e9s a regisztr\u00e1ci\u00f3 lehet\u0151s\u00e9g\u00e9re. Rem\u00e9lj\u00fck, hogy aki regisztr\u00e1l, azt \u00e9rdekli a szervezet. A m\u00e1sik feladat a regisztr\u00e1ltak aktiviz\u00e1l\u00e1sa. A honlapon megtal\u00e1lhat\u00f3ak lesznek azok az esem\u00e9nyek, melyek lehet\u0151v\u00e9 teszik az \u00e9l\u0151 kapcsolatok kialak\u00edt\u00e1s\u00e1t. Amennyiben a k\u00e9pvisel\u0151 ismeri az oszt\u00e1lyt\u00e1rsak \u00e9rdekl\u0151d\u00e9si k\u00f6r\u00e9t, felh\u00edvhatja figyelm\u00fcket az \u0151ket \u00e9rdekl\u0151 esem\u00e9nyekre. A harmadik feladat az oszt\u00e1ly kezdem\u00e9nyez\u0151k\u00e9pess\u00e9g\u00e9nek kihaszn\u00e1l\u00e1sa. Amennyiben nekik vannak anyagaik vagy \u00f6tleteik b\u00e1rmelyik t\u00e9m\u00e1val kapcsolatban, \u00edrj\u00e1k meg a k\u00f6z\u00f6ss\u00e9gnek. --><\/p>\n","protected":false},"excerpt":{"rendered":"<p>&nbsp; &nbsp; &nbsp; 1905-ben Alp\u00e1r Ign\u00e1c \u00e9p\u00edt\u00e9sz \u00f6regdi\u00e1kunk javaslat\u00e1ra l\u00e9trej\u00f6tt iskol\u00e1nk v\u00e9gzett di\u00e1kokat t\u00f6m\u00f6r\u00edt\u0151 szervezete. A szervezet c\u00e9ljai a kezdetekt\u0151l a k\u00f6vetkez\u0151k voltak: Az iskola t\u00e1mogat\u00e1sa \u00e9s seg\u00edt\u00e9se Kapcsolati h\u00e1l\u00f3 ki\u00e9p\u00edt\u00e9se, bar\u00e1ti kapcsolatok megtart\u00e1sa V\u00e9gzettek egym\u00e1st seg\u00edt\u00e9se Esem\u00e9nyek szervez\u00e9se Ezeket a c\u00e9lokat a mai napig alapvet\u0151en fontosnak tartjuk. Az \u201eE\u00f6tv\u00f6s-maffia\u201d rendk\u00edv\u00fcl m\u0171k\u00f6d\u0151k\u00e9pes, de csak akkor, [&hellip;]<\/p>\n","protected":false},"author":5,"featured_media":0,"parent":0,"menu_order":0,"comment_status":"closed","ping_status":"closed","template":"","meta":{"ngg_post_thumbnail":0,"footnotes":""},"class_list":["post-2931","page","type-page","status-publish","hentry"],"_links":{"self":[{"href":"https:\/\/www.ejg.hu\/oreg\/wp-json\/wp\/v2\/pages\/2931","targetHints":{"allow":["GET"]}}],"collection":[{"href":"https:\/\/www.ejg.hu\/oreg\/wp-json\/wp\/v2\/pages"}],"about":[{"href":"https:\/\/www.ejg.hu\/oreg\/wp-json\/wp\/v2\/types\/page"}],"author":[{"embeddable":true,"href":"https:\/\/www.ejg.hu\/oreg\/wp-json\/wp\/v2\/users\/5"}],"replies":[{"embeddable":true,"href":"https:\/\/www.ejg.hu\/oreg\/wp-json\/wp\/v2\/comments?post=2931"}],"version-history":[{"count":11,"href":"https:\/\/www.ejg.hu\/oreg\/wp-json\/wp\/v2\/pages\/2931\/revisions"}],"predecessor-version":[{"id":4069,"href":"https:\/\/www.ejg.hu\/oreg\/wp-json\/wp\/v2\/pages\/2931\/revisions\/4069"}],"wp:attachment":[{"href":"https:\/\/www.ejg.hu\/oreg\/wp-json\/wp\/v2\/media?parent=2931"}],"curies":[{"name":"wp","href":"https:\/\/api.w.org\/{rel}","templated":true}]}}