{"id":270,"date":"2011-08-02T00:36:26","date_gmt":"2011-08-01T21:36:26","guid":{"rendered":"http:\/\/www.ejg.hu\/oreg\/?page_id=270"},"modified":"2023-02-28T14:50:04","modified_gmt":"2023-02-28T13:50:04","slug":"tanarlistak","status":"publish","type":"page","link":"https:\/\/www.ejg.hu\/oreg\/archivumaink\/tanaraink\/tanarlistak\/","title":{"rendered":"Tan\u00e1rlist\u00e1k"},"content":{"rendered":"<p>Iskol\u00e1nk eddigi t\u00f6rt\u00e9net\u00e9ben t\u00f6bb mint f\u00e9lezer tan\u00e1r dolgozott, pr\u00f3b\u00e1lt meg t\u00f6bb vagy kevesebb sikerrel form\u00e1lni benn\u00fcnket. Biztosak vagyunk benne, hogy mindegyik\u00fcnknek volt legal\u00e1bb egy olyan tan\u00e1ra, akire feln\u00e9zhetett, s\u0151t ak\u00e1r p\u00e9ldak\u00e9p\u00e9nek is tekinthette, a k\u00f6vetkez\u0151 dokumentumban meg lehet keresni \u0151ket d\u00e1tum szerint.<\/p>\n<p>Hiba eset\u00e9n a k\u00f6vetkez\u0151 e-mail c\u00edmre v\u00e1rjuk a megjegyz\u00e9seket, kieg\u00e9sz\u00edt\u00e9seket: <a href=\"mailto:oregdiak@e5vos.hu\">oregdiak@e5vos.hu<\/a><\/p>\n<p><a href=\"http:\/\/www.ejg.hu\/oreg\/wp-content\/uploads\/tanarkronologia20210810.pdf\"><a href=\"http:\/\/www.ejg.hu\/oreg\/wp-content\/uploads\/tanarkronologia20210810_2.pdf\" rel=\"noopener\" target=\"_blank\">Tan\u00e1raink 2021-ig<\/a><\/a><br \/>\nCTRL+F billenty\u0171k lenyom\u00e1s\u00e1val lehet a keres\u0151t ind\u00edtani a dokumentumon bel\u00fcl<\/p>\n","protected":false},"excerpt":{"rendered":"<p>Iskol\u00e1nk eddigi t\u00f6rt\u00e9net\u00e9ben t\u00f6bb mint f\u00e9lezer tan\u00e1r dolgozott, pr\u00f3b\u00e1lt meg t\u00f6bb vagy kevesebb sikerrel form\u00e1lni benn\u00fcnket. Biztosak vagyunk benne, hogy mindegyik\u00fcnknek volt legal\u00e1bb egy olyan tan\u00e1ra, akire feln\u00e9zhetett, s\u0151t ak\u00e1r p\u00e9ldak\u00e9p\u00e9nek is tekinthette, a k\u00f6vetkez\u0151 dokumentumban meg lehet keresni \u0151ket d\u00e1tum szerint. Hiba eset\u00e9n a k\u00f6vetkez\u0151 e-mail c\u00edmre v\u00e1rjuk a megjegyz\u00e9seket, kieg\u00e9sz\u00edt\u00e9seket: oregdiak@e5vos.hu Tan\u00e1raink 2021-ig [&hellip;]<\/p>\n","protected":false},"author":1,"featured_media":0,"parent":45,"menu_order":221,"comment_status":"closed","ping_status":"closed","template":"","meta":{"ngg_post_thumbnail":0,"footnotes":""},"class_list":["post-270","page","type-page","status-publish","hentry"],"_links":{"self":[{"href":"https:\/\/www.ejg.hu\/oreg\/wp-json\/wp\/v2\/pages\/270","targetHints":{"allow":["GET"]}}],"collection":[{"href":"https:\/\/www.ejg.hu\/oreg\/wp-json\/wp\/v2\/pages"}],"about":[{"href":"https:\/\/www.ejg.hu\/oreg\/wp-json\/wp\/v2\/types\/page"}],"author":[{"embeddable":true,"href":"https:\/\/www.ejg.hu\/oreg\/wp-json\/wp\/v2\/users\/1"}],"replies":[{"embeddable":true,"href":"https:\/\/www.ejg.hu\/oreg\/wp-json\/wp\/v2\/comments?post=270"}],"version-history":[{"count":27,"href":"https:\/\/www.ejg.hu\/oreg\/wp-json\/wp\/v2\/pages\/270\/revisions"}],"predecessor-version":[{"id":4479,"href":"https:\/\/www.ejg.hu\/oreg\/wp-json\/wp\/v2\/pages\/270\/revisions\/4479"}],"up":[{"embeddable":true,"href":"https:\/\/www.ejg.hu\/oreg\/wp-json\/wp\/v2\/pages\/45"}],"wp:attachment":[{"href":"https:\/\/www.ejg.hu\/oreg\/wp-json\/wp\/v2\/media?parent=270"}],"curies":[{"name":"wp","href":"https:\/\/api.w.org\/{rel}","templated":true}]}}