{"id":256,"date":"2011-08-02T00:26:50","date_gmt":"2011-08-01T21:26:50","guid":{"rendered":"http:\/\/www.ejg.hu\/oreg\/?page_id=256"},"modified":"2025-07-23T13:58:40","modified_gmt":"2025-07-23T11:58:40","slug":"diaklistak","status":"publish","type":"page","link":"https:\/\/www.ejg.hu\/oreg\/archivumaink\/oregdiak-tarsaink\/diaklistak\/","title":{"rendered":"Di\u00e1klist\u00e1k"},"content":{"rendered":"<p>Iskol\u00e1nkba majd 30 ezer di\u00e1k j\u00e1rt, de csak alig t\u00f6bb mint a fele v\u00e9gzett. Ennek az az oka, hogy az els\u0151 sz\u00e1z \u00e9vben nagyon sokan nem fejezt\u00e9k be a tanulm\u00e1nyaikat, vagy nem v\u00e1llalt\u00e1k az \u00e9retts\u00e9git. A k\u00f6vetkez\u0151 dokumentumban lehet keresni \u00e9vsz\u00e1m (\u00e9vfolyamok, oszt\u00e1lyok) vagy n\u00e9v szerint.<\/p>\n<p><em>Esetleges hiba eset\u00e9n a k\u00f6vetkez\u0151 c\u00edmre v\u00e1rjuk a megjegyz\u00e9seket\/kieg\u00e9sz\u00edt\u00e9seket: <a href=\"mailto:oregdiak@e5vos.hu \">oregdiak@e5vos.hu<\/a><\/em><\/p>\n<p><a target=\"_blank\" href=\"http:\/\/www.ejg.hu\/oreg\/wp-content\/uploads\/diak-kronologia-1860-2025_20250723.pdf\" rel=\"noopener\">dia\u0301k kronolo\u0301gia 1860-napjainkig<\/a><br \/>\nCTRL+F billenty\u0171k lenyom\u00e1s\u00e1val lehet a keres\u0151t ind\u00edtani a dokumentumon bel\u00fcl<br \/>\n<!--\n<a target=\"_blank\" href=\"https:\/\/issuu.com\/e5vos\/docs\/diakkronol__gia_1860-2015\" rel=\"noopener\">dia\u0301kok ne\u0301vsora lapozhat\u00f3 form\u00e1tumban 1860-2016<\/a>\n--><\/p>\n","protected":false},"excerpt":{"rendered":"<p>Iskol\u00e1nkba majd 30 ezer di\u00e1k j\u00e1rt, de csak alig t\u00f6bb mint a fele v\u00e9gzett. Ennek az az oka, hogy az els\u0151 sz\u00e1z \u00e9vben nagyon sokan nem fejezt\u00e9k be a tanulm\u00e1nyaikat, vagy nem v\u00e1llalt\u00e1k az \u00e9retts\u00e9git. A k\u00f6vetkez\u0151 dokumentumban lehet keresni \u00e9vsz\u00e1m (\u00e9vfolyamok, oszt\u00e1lyok) vagy n\u00e9v szerint. Esetleges hiba eset\u00e9n a k\u00f6vetkez\u0151 c\u00edmre v\u00e1rjuk a megjegyz\u00e9seket\/kieg\u00e9sz\u00edt\u00e9seket: [&hellip;]<\/p>\n","protected":false},"author":1,"featured_media":0,"parent":35,"menu_order":211,"comment_status":"closed","ping_status":"closed","template":"","meta":{"ngg_post_thumbnail":0,"footnotes":""},"class_list":["post-256","page","type-page","status-publish","hentry"],"_links":{"self":[{"href":"https:\/\/www.ejg.hu\/oreg\/wp-json\/wp\/v2\/pages\/256","targetHints":{"allow":["GET"]}}],"collection":[{"href":"https:\/\/www.ejg.hu\/oreg\/wp-json\/wp\/v2\/pages"}],"about":[{"href":"https:\/\/www.ejg.hu\/oreg\/wp-json\/wp\/v2\/types\/page"}],"author":[{"embeddable":true,"href":"https:\/\/www.ejg.hu\/oreg\/wp-json\/wp\/v2\/users\/1"}],"replies":[{"embeddable":true,"href":"https:\/\/www.ejg.hu\/oreg\/wp-json\/wp\/v2\/comments?post=256"}],"version-history":[{"count":38,"href":"https:\/\/www.ejg.hu\/oreg\/wp-json\/wp\/v2\/pages\/256\/revisions"}],"predecessor-version":[{"id":4606,"href":"https:\/\/www.ejg.hu\/oreg\/wp-json\/wp\/v2\/pages\/256\/revisions\/4606"}],"up":[{"embeddable":true,"href":"https:\/\/www.ejg.hu\/oreg\/wp-json\/wp\/v2\/pages\/35"}],"wp:attachment":[{"href":"https:\/\/www.ejg.hu\/oreg\/wp-json\/wp\/v2\/media?parent=256"}],"curies":[{"name":"wp","href":"https:\/\/api.w.org\/{rel}","templated":true}]}}