{"id":236,"date":"2011-08-02T00:09:46","date_gmt":"2011-08-01T21:09:46","guid":{"rendered":"http:\/\/www.ejg.hu\/oreg\/?page_id=236"},"modified":"2024-09-12T13:46:37","modified_gmt":"2024-09-12T11:46:37","slug":"celok-es-tevekenysegek","status":"publish","type":"page","link":"https:\/\/www.ejg.hu\/oreg\/celok-es-tevekenysegek\/","title":{"rendered":"C\u00e9lok \u00e9s tev\u00e9kenys\u00e9gek"},"content":{"rendered":"<p>Bar\u00e1ti Egyes\u00fclet\u00fcnk Alapszab\u00e1ly\u00e1ban a k\u00f6vetkez\u0151 c\u00e9lok fogalmaz\u00f3dnak meg:<br \/>\n<em>\u201eA gimn\u00e1zium oktat\u00f3-nevel\u0151 munk\u00e1j\u00e1nak erk\u00f6lcsi \u00e9s anyagi t\u00e1mogat\u00e1sa.<\/em><br \/>\n<em>A volt iskolat\u00e1rsak, tantest\u00fcleti tagok \u00e9s a tanul\u00f3k sz\u00fcleinek \u00f6sszetart\u00e1sa, a bar\u00e1ts\u00e1g<\/em>\u00a0<em>meg\u0151rz\u00e9se, er\u0151s\u00edt\u00e9se.<\/em><br \/>\n<em>Az iskola \u00e9s a t\u00e1rsadalom kapcsolat\u00e1nak \u00e9brentart\u00e1sa, a halad\u00f3 hagyom\u00e1nyok<\/em>\u00a0<em>\u0151rz\u00e9se, a nemzeti \u00f6ntudat m\u00e9ly\u00edt\u00e9se.<\/em><br \/>\n<em>Az iskola vezet\u0151inek pedag\u00f3giai c\u00e9lkit\u0171z\u00e9seit seg\u00edt\u0151 el\u0151ad\u00e1sok tart\u00e1sa, szakk\u00f6r\u00f6k<\/em>\u00a0<em>vezet\u00e9se.<\/em><br \/>\n<em>Az iskolai \u00fajs\u00e1g \u00e9s \u00e9vk\u00f6nyv szerkeszt\u00e9s\u00e9nek t\u00e1mogat\u00e1sa, egy\u00e9b publik\u00e1ci\u00f3s<\/em>\u00a0<em>tev\u00e9kenys\u00e9g el\u0151seg\u00edt\u00e9se.<\/em><br \/>\n<em>A tanul\u00f3k E\u00f6tv\u00f6s t\u00e1borban val\u00f3 r\u00e9szv\u00e9tel\u00e9nek t\u00e1mogat\u00e1sa.<\/em><br \/>\n<em>A tanul\u00f3k r\u00e9sz\u00e9re kultur\u00e1lis, sport \u00e9s egy\u00e9b rendezv\u00e9nyek szervez\u00e9se, sportp\u00e1ly \u00e9s<\/em>\u00a0<em>\u00fcd\u00fcl\u0151 l\u00e9tes\u00edt\u00e9se \u00e9s fenntart\u00e1sa.\u201d<\/em><br \/>\n<!--\nA meg\u00fajul\u00e1s kapcs\u00e1n a k\u00f6vetkez\u0151kkel eg\u00e9sz\u00edten\u00e9nk ki az \u00f6regdi\u00e1k Bar\u00e1ti Egyes\u00fclet\u00a0feladatait, l\u00e9nyeg\u00e9t:\n<strong>Biztons\u00e1g<\/strong>\nL\u00e9nyegesnek tartjuk azokat is \u00e9rzelmi sz\u00e1lakat, melyek a k\u00f6z\u00e9piskol\u00e1s \u00e9lm\u00e9nyek\u00a0k\u00f6vetkezm\u00e9nyei. Els\u0151 \u00e9s tal\u00e1n legfontosabb az a k\u00f6z\u00f6ss\u00e9gi tudat, hogy b\u00e1rmelyik\u00fcnk\u00a0egyike annak a majd 17.000 ezer di\u00e1knak, aki t\u00f6bb mint m\u00e1sf\u00e9l \u00e9vsz\u00e1zad alatt itt\u00a0v\u00e9gzett iskol\u00e1nkban (k\u00f6z\u00fcl\u00fck kb. 10.000 \u00e9l\u00fcnk). \u00a0A m\u00e1sik az a tudat, hogy r\u00e9sze\u00a0lehet\u00fcnk egy olyan szervezetnek, melynek k\u00e9tezern\u00e9l t\u00f6bb tagja van \u00e9s ez a\u00a0k\u00f6z\u00f6ss\u00e9g, ha j\u00f3l m\u0171k\u00f6dik, eg\u00e9sz \u00e9let\u00e9ben seg\u00edtheti tagjait.\n<strong>T\u00e1mogat\u00e1s<\/strong>\nNemcsak egym\u00e1st seg\u00edthetj\u00fck, hanem Alma Mater\u00fcnk jelenlegi munk\u00e1j\u00e1t is. A\u00a0t\u00e1mogat\u00e1s lehet inform\u00e1ci\u00f3s, dologi \u00e9s anyagi.\n<strong>Kapcsolat<\/strong>\nL\u00e9nyegesnek tartjuk a praktikus (inform\u00e1ci\u00f3s \u00e9s kapcsolati) sz\u00e1lakat is. Az\u00a0eddig megtartott h\u00e1rom E\u00f6tv\u00f6s \u00d6regdi\u00e1k B\u00e1lon sok esetben tapasztaltuk, hogy\u00a0t\u00f6bb \u00e9ve kapcsolatban l\u00e9v\u0151 emberek itt j\u00f6ttek r\u00e1, hogy mindny\u00e1jan \u00f6regdi\u00e1kjai\u00a0iskol\u00e1nknak. A Bar\u00e1ti Egyes\u00fclet teh\u00e1t seg\u00edthet az oszt\u00e1lytal\u00e1lkoz\u00f3k szervez\u00e9s\u00e9ben\u00a0(helysz\u00edn, tan\u00e1rok el\u00e9rhet\u0151s\u00e9ge stb), az \u00f6regdi\u00e1k kapcsolatok kialak\u00edt\u00e1s\u00e1ban (f\u00f3rum\u00a0lehet\u0151s\u00e9ge), a speci\u00e1lis k\u00f6z\u00f6ss\u00e9gek kialakul\u00e1s\u00e1ban (szakmai klubok). Inform\u00e1ci\u00f3kat\u00a0adhat az iskola \u00e9let\u00e9r\u0151l. Rekl\u00e1moz\u00e1si \u00e9s munkalehet\u0151s\u00e9geket ny\u00fajthat.\n<strong>Sz\u00f3rakoz\u00e1s<\/strong>\nIgyeksz\u00fcnk megadni a szem\u00e9lyes tal\u00e1lkoz\u00e1sok lehet\u0151s\u00e9g\u00e9t (rendszeres programok\u00a0az iskol\u00e1ban).\n--><\/p>\n","protected":false},"excerpt":{"rendered":"<p>Bar\u00e1ti Egyes\u00fclet\u00fcnk Alapszab\u00e1ly\u00e1ban a k\u00f6vetkez\u0151 c\u00e9lok fogalmaz\u00f3dnak meg: \u201eA gimn\u00e1zium oktat\u00f3-nevel\u0151 munk\u00e1j\u00e1nak erk\u00f6lcsi \u00e9s anyagi t\u00e1mogat\u00e1sa. A volt iskolat\u00e1rsak, tantest\u00fcleti tagok \u00e9s a tanul\u00f3k sz\u00fcleinek \u00f6sszetart\u00e1sa, a bar\u00e1ts\u00e1g\u00a0meg\u0151rz\u00e9se, er\u0151s\u00edt\u00e9se. Az iskola \u00e9s a t\u00e1rsadalom kapcsolat\u00e1nak \u00e9brentart\u00e1sa, a halad\u00f3 hagyom\u00e1nyok\u00a0\u0151rz\u00e9se, a nemzeti \u00f6ntudat m\u00e9ly\u00edt\u00e9se. Az iskola vezet\u0151inek pedag\u00f3giai c\u00e9lkit\u0171z\u00e9seit seg\u00edt\u0151 el\u0151ad\u00e1sok tart\u00e1sa, szakk\u00f6r\u00f6k\u00a0vezet\u00e9se. Az iskolai \u00fajs\u00e1g [&hellip;]<\/p>\n","protected":false},"author":1,"featured_media":0,"parent":0,"menu_order":11,"comment_status":"closed","ping_status":"closed","template":"","meta":{"ngg_post_thumbnail":0,"footnotes":""},"class_list":["post-236","page","type-page","status-publish","hentry"],"_links":{"self":[{"href":"https:\/\/www.ejg.hu\/oreg\/wp-json\/wp\/v2\/pages\/236","targetHints":{"allow":["GET"]}}],"collection":[{"href":"https:\/\/www.ejg.hu\/oreg\/wp-json\/wp\/v2\/pages"}],"about":[{"href":"https:\/\/www.ejg.hu\/oreg\/wp-json\/wp\/v2\/types\/page"}],"author":[{"embeddable":true,"href":"https:\/\/www.ejg.hu\/oreg\/wp-json\/wp\/v2\/users\/1"}],"replies":[{"embeddable":true,"href":"https:\/\/www.ejg.hu\/oreg\/wp-json\/wp\/v2\/comments?post=236"}],"version-history":[{"count":45,"href":"https:\/\/www.ejg.hu\/oreg\/wp-json\/wp\/v2\/pages\/236\/revisions"}],"predecessor-version":[{"id":4591,"href":"https:\/\/www.ejg.hu\/oreg\/wp-json\/wp\/v2\/pages\/236\/revisions\/4591"}],"wp:attachment":[{"href":"https:\/\/www.ejg.hu\/oreg\/wp-json\/wp\/v2\/media?parent=236"}],"curies":[{"name":"wp","href":"https:\/\/api.w.org\/{rel}","templated":true}]}}