{"id":1056,"date":"2013-03-13T15:03:17","date_gmt":"2013-03-13T12:03:17","guid":{"rendered":"http:\/\/www.ejg.hu\/oreg\/?page_id=1056"},"modified":"2023-03-06T09:25:23","modified_gmt":"2023-03-06T08:25:23","slug":"nyolcadik","status":"publish","type":"page","link":"https:\/\/www.ejg.hu\/oreg\/klubjaink-rendezvenyeink\/kosarasok-klubja-kosaras-talalkozok\/nyolcadik\/","title":{"rendered":"VIII. tal\u00e1lkoz\u00f3"},"content":{"rendered":"<p>Audiovizu\u00e1lis eml\u00e9kk\u00f6nyv a nyolcadik tal\u00e1lkoz\u00f3r\u00f3l:<\/p>\n<p><iframe width=\"480\" height=\"270\"\nsrc=\"https:\/\/www.youtube.com\/embed\/xxrYG-eo9oc\" title=\"YouTube video\nplayer\" frameborder=\"0\" allow=\"accelerometer; autoplay; clipboard-write;\nencrypted-media; gyroscope; picture-in-picture; web-share\"\nallowfullscreen><\/iframe><br \/>\nK\u00f6sz\u00f6net \u00e9rte Fodorpistinek!<\/p>\n","protected":false},"excerpt":{"rendered":"<p>Audiovizu\u00e1lis eml\u00e9kk\u00f6nyv a nyolcadik tal\u00e1lkoz\u00f3r\u00f3l: K\u00f6sz\u00f6net \u00e9rte Fodorpistinek!<\/p>\n","protected":false},"author":1,"featured_media":0,"parent":59,"menu_order":8,"comment_status":"closed","ping_status":"open","template":"","meta":{"ngg_post_thumbnail":0,"footnotes":""},"class_list":["post-1056","page","type-page","status-publish","hentry"],"_links":{"self":[{"href":"https:\/\/www.ejg.hu\/oreg\/wp-json\/wp\/v2\/pages\/1056","targetHints":{"allow":["GET"]}}],"collection":[{"href":"https:\/\/www.ejg.hu\/oreg\/wp-json\/wp\/v2\/pages"}],"about":[{"href":"https:\/\/www.ejg.hu\/oreg\/wp-json\/wp\/v2\/types\/page"}],"author":[{"embeddable":true,"href":"https:\/\/www.ejg.hu\/oreg\/wp-json\/wp\/v2\/users\/1"}],"replies":[{"embeddable":true,"href":"https:\/\/www.ejg.hu\/oreg\/wp-json\/wp\/v2\/comments?post=1056"}],"version-history":[{"count":8,"href":"https:\/\/www.ejg.hu\/oreg\/wp-json\/wp\/v2\/pages\/1056\/revisions"}],"predecessor-version":[{"id":4482,"href":"https:\/\/www.ejg.hu\/oreg\/wp-json\/wp\/v2\/pages\/1056\/revisions\/4482"}],"up":[{"embeddable":true,"href":"https:\/\/www.ejg.hu\/oreg\/wp-json\/wp\/v2\/pages\/59"}],"wp:attachment":[{"href":"https:\/\/www.ejg.hu\/oreg\/wp-json\/wp\/v2\/media?parent=1056"}],"curies":[{"name":"wp","href":"https:\/\/api.w.org\/{rel}","templated":true}]}}